{"id":1223,"date":"2024-07-05T10:25:18","date_gmt":"2024-07-05T08:25:18","guid":{"rendered":"https:\/\/sorcelaine.fr\/?post_type=product&#038;p=1223"},"modified":"2026-02-07T16:14:05","modified_gmt":"2026-02-07T15:14:05","slug":"anti-stress-rond","status":"publish","type":"product","link":"https:\/\/sorcelaine.fr\/index.php\/product\/anti-stress-rond\/","title":{"rendered":"Anti-stress rond"},"content":{"rendered":"<p>Anti-stress rond, aussi appel\u00e9 marble pusher fidget. R\u00e9alis\u00e9 artisanalement en coton oeko-tex (100% ou si vous voulez le fil brillant : 99% et 1% de polyester), contient une bille plate en verre.<\/p>\n<p>Merci de m&rsquo;indiquer la couleur en commentaire de la commande. L&rsquo;expression du visage de la grenouille peut \u00eatre modifi\u00e9e.<\/p>\n<p>Chaque objet est unique. Je fais de mon mieux pour mettre \u00e0 jour les photos, mais il se peut que le produit fini ne corresponde pas exactement \u00e0 la photo. N&rsquo;h\u00e9sitez pas \u00e0 me <a title=\"Contact\" href=\"https:\/\/sorcelaine.fr\/index.php\/contact\/\" target=\"_blank\" rel=\"noopener\">contacter<\/a> pour avoir une photo du mod\u00e8le que vous recevrez.<\/p>\n<p>Patron cr\u00e9\u00e9 par <a href=\"https:\/\/www.instagram.com\/loumarmit\/\" target=\"_blank\" rel=\"noopener\">Loumarmit<\/a>.<\/p>\n<p>Ceci n&rsquo;est pas un jouet, il n&rsquo;a pas vocation \u00e0 servir aux enfants en bas \u00e2ge.<\/p>\n","protected":false},"excerpt":{"rendered":"<p>Anti-stress artisanal, fait main au crochet par Sorcelaine. Plusieurs variantes de couleurs disponibles.<\/p>\n","protected":false},"featured_media":1251,"comment_status":"open","ping_status":"closed","template":"","meta":{"site-container-style":"default","site-container-layout":"default","site-sidebar-layout":"default","disable-article-header":"default","disable-site-header":"default","disable-site-footer":"default","disable-content-area-spacing":"default"},"product_brand":[],"product_cat":[101],"product_tag":[],"class_list":{"0":"post-1223","1":"product","2":"type-product","3":"status-publish","4":"has-post-thumbnail","6":"product_cat-anti-stress","7":"product_shipping_class-plat","9":"first","10":"instock","11":"featured","12":"taxable","13":"shipping-taxable","14":"purchasable","15":"product-type-variable"},"aioseo_notices":[],"jetpack_sharing_enabled":true,"_links":{"self":[{"href":"https:\/\/sorcelaine.fr\/index.php\/wp-json\/wp\/v2\/product\/1223","targetHints":{"allow":["GET"]}}],"collection":[{"href":"https:\/\/sorcelaine.fr\/index.php\/wp-json\/wp\/v2\/product"}],"about":[{"href":"https:\/\/sorcelaine.fr\/index.php\/wp-json\/wp\/v2\/types\/product"}],"replies":[{"embeddable":true,"href":"https:\/\/sorcelaine.fr\/index.php\/wp-json\/wp\/v2\/comments?post=1223"}],"wp:featuredmedia":[{"embeddable":true,"href":"https:\/\/sorcelaine.fr\/index.php\/wp-json\/wp\/v2\/media\/1251"}],"wp:attachment":[{"href":"https:\/\/sorcelaine.fr\/index.php\/wp-json\/wp\/v2\/media?parent=1223"}],"wp:term":[{"taxonomy":"product_brand","embeddable":true,"href":"https:\/\/sorcelaine.fr\/index.php\/wp-json\/wp\/v2\/product_brand?post=1223"},{"taxonomy":"product_cat","embeddable":true,"href":"https:\/\/sorcelaine.fr\/index.php\/wp-json\/wp\/v2\/product_cat?post=1223"},{"taxonomy":"product_tag","embeddable":true,"href":"https:\/\/sorcelaine.fr\/index.php\/wp-json\/wp\/v2\/product_tag?post=1223"}],"curies":[{"name":"wp","href":"https:\/\/api.w.org\/{rel}","templated":true}]}}