{"id":1296,"date":"2024-07-16T09:21:14","date_gmt":"2024-07-16T07:21:14","guid":{"rendered":"https:\/\/sorcelaine.fr\/?post_type=product&#038;p=1296"},"modified":"2025-10-12T15:28:59","modified_gmt":"2025-10-12T13:28:59","slug":"lune-porte-cles","status":"publish","type":"product","link":"https:\/\/sorcelaine.fr\/index.php\/product\/lune-porte-cles\/","title":{"rendered":"Lune (porte-cl\u00e9s)"},"content":{"rendered":"<p>Porte-cl\u00e9s artisanal fait main avec amour en Alsace repr\u00e9sentant un croissant de lune, avec diff\u00e9rents coloris au choix.<\/p>\n<p>Ces photos repr\u00e9sentent des peluches fait avec ce patron. Comme chacune d&rsquo;elle est unique, celle que vous allez recevoir peut pr\u00e9senter de petites diff\u00e9rences. N&rsquo;h\u00e9sitez pas \u00e0 me contacter si vous voulez des photos de l&rsquo;exemplaire que vous recevrez. Tous les coloris ne sont pas repr\u00e9sent\u00e9s en peluche, mais une photo g\u00e9n\u00e9rale montre des \u00e9chantillons. D&rsquo;autres coloris sont disponibles \u00e0 la commande, si vous ne trouvez pas votre bonheur dans ce qui est propos\u00e9.<\/p>\n<p>Si vous voulez vous lancer, nous proposons <a href=\"https:\/\/sorcelaine.fr\/index.php\/product-category\/kits-pas-a-pas-lots\/kits\/\" target=\"_blank\" rel=\"noopener\">des kits pour r\u00e9aliser vos propres amigurumis<\/a>.<\/p>\n<hr \/>\n<h2>En d\u00e9tails :<\/h2>\n<p>Patron : <a href=\"https:\/\/www.withalexofficialblog.com\/\" target=\"_blank\" rel=\"noopener\">Alexandra Halsey<\/a><\/p>\n<p>R\u00e9alis\u00e9 en fil 100% coton oeko-tex, garni de rembourrage issu du recyclage des d\u00e9chets de l&rsquo;industrie de la mode.<\/p>\n<h2>Attention :<\/h2>\n<p>Attention cette peluche est purement d\u00e9corative. Elle n&rsquo;est ni destin\u00e9e \u00e0 un enfant, ni \u00e0 un animal. De petites pi\u00e8ces pourraient se d\u00e9tacher. N&rsquo;oubliez pas d&rsquo;\u00e9craser le syst\u00e8me de blocage avec une pince une fois le porte-cl\u00e9 fix\u00e9.<\/p>\n","protected":false},"excerpt":{"rendered":"<p>Porte-cl\u00e9 artisanal, fait main au crochet en coton par Sorcelaine, repr\u00e9sentant un croissant de lune. Plusieurs variantes de couleurs disponibles.<\/p>\n","protected":false},"featured_media":2367,"comment_status":"open","ping_status":"closed","template":"","meta":{"site-container-style":"default","site-container-layout":"default","site-sidebar-layout":"default","disable-article-header":"default","disable-site-header":"default","disable-site-footer":"default","disable-content-area-spacing":"default"},"product_brand":[],"product_cat":[52,131,130,41],"product_tag":[],"class_list":{"0":"post-1296","1":"product","2":"type-product","3":"status-publish","4":"has-post-thumbnail","6":"product_cat-fantasy","7":"product_cat-lune","8":"product_cat-magique-sorciere","9":"product_cat-porte-cles","10":"product_shipping_class-plat","12":"first","13":"instock","14":"taxable","15":"shipping-taxable","16":"purchasable","17":"product-type-variable"},"aioseo_notices":[],"jetpack_sharing_enabled":true,"_links":{"self":[{"href":"https:\/\/sorcelaine.fr\/index.php\/wp-json\/wp\/v2\/product\/1296","targetHints":{"allow":["GET"]}}],"collection":[{"href":"https:\/\/sorcelaine.fr\/index.php\/wp-json\/wp\/v2\/product"}],"about":[{"href":"https:\/\/sorcelaine.fr\/index.php\/wp-json\/wp\/v2\/types\/product"}],"replies":[{"embeddable":true,"href":"https:\/\/sorcelaine.fr\/index.php\/wp-json\/wp\/v2\/comments?post=1296"}],"wp:featuredmedia":[{"embeddable":true,"href":"https:\/\/sorcelaine.fr\/index.php\/wp-json\/wp\/v2\/media\/2367"}],"wp:attachment":[{"href":"https:\/\/sorcelaine.fr\/index.php\/wp-json\/wp\/v2\/media?parent=1296"}],"wp:term":[{"taxonomy":"product_brand","embeddable":true,"href":"https:\/\/sorcelaine.fr\/index.php\/wp-json\/wp\/v2\/product_brand?post=1296"},{"taxonomy":"product_cat","embeddable":true,"href":"https:\/\/sorcelaine.fr\/index.php\/wp-json\/wp\/v2\/product_cat?post=1296"},{"taxonomy":"product_tag","embeddable":true,"href":"https:\/\/sorcelaine.fr\/index.php\/wp-json\/wp\/v2\/product_tag?post=1296"}],"curies":[{"name":"wp","href":"https:\/\/api.w.org\/{rel}","templated":true}]}}