{"id":1688,"date":"2024-08-29T15:22:33","date_gmt":"2024-08-29T13:22:33","guid":{"rendered":"https:\/\/sorcelaine.fr\/?post_type=product&#038;p=1688"},"modified":"2025-05-22T22:24:56","modified_gmt":"2025-05-22T20:24:56","slug":"anti-stress-infini-pastel","status":"publish","type":"product","link":"https:\/\/sorcelaine.fr\/index.php\/product\/anti-stress-infini-pastel\/","title":{"rendered":"Anti-stress infini Pastel"},"content":{"rendered":"<p>Anti-stress infini, aussi appel\u00e9 fidget toy m\u00f6bius. R\u00e9alis\u00e9 artisanalement, en m\u00e9lange de 78% de coton et 22% d&rsquo;acrylique, aux variations de couleurs douces et lentes.<\/p>\n<p>Je fais de mon mieux pour mettre \u00e0 jour les photos, ceci dit, au vu du fil, il se peut que le produit fini ne corresponde pas exactement \u00e0 la photo (au niveau de la progression des couleurs). N&rsquo;h\u00e9sitez pas \u00e0 me <a title=\"Contact\" href=\"https:\/\/sorcelaine.fr\/index.php\/contact\/\" target=\"_blank\" rel=\"noopener\">contacter<\/a> pour avoir une photo du mod\u00e8le que vous recevrez.<\/p>\n<p>Patron cr\u00e9\u00e9 par Loumarmit.<\/p>\n<p>Ceci n&rsquo;est pas un jouet, il n&rsquo;a pas vocation \u00e0 servir aux enfants en bas \u00e2ge.<\/p>\n","protected":false},"excerpt":{"rendered":"<p>Anti-stress artisanal, fait main au crochet par Sorcelaine. Plusieurs variantes de couleurs disponibles.<\/p>\n","protected":false},"featured_media":0,"comment_status":"open","ping_status":"closed","template":"","meta":{"site-container-style":"default","site-container-layout":"default","site-sidebar-layout":"default","disable-article-header":"default","disable-site-header":"default","disable-site-footer":"default","disable-content-area-spacing":"default"},"product_brand":[],"product_cat":[101],"product_tag":[],"class_list":{"0":"post-1688","1":"product","2":"type-product","3":"status-publish","5":"product_cat-anti-stress","6":"product_shipping_class-plat","8":"first","9":"instock","10":"taxable","11":"shipping-taxable","12":"purchasable","13":"product-type-variable"},"aioseo_notices":[],"jetpack_sharing_enabled":true,"_links":{"self":[{"href":"https:\/\/sorcelaine.fr\/index.php\/wp-json\/wp\/v2\/product\/1688","targetHints":{"allow":["GET"]}}],"collection":[{"href":"https:\/\/sorcelaine.fr\/index.php\/wp-json\/wp\/v2\/product"}],"about":[{"href":"https:\/\/sorcelaine.fr\/index.php\/wp-json\/wp\/v2\/types\/product"}],"replies":[{"embeddable":true,"href":"https:\/\/sorcelaine.fr\/index.php\/wp-json\/wp\/v2\/comments?post=1688"}],"wp:attachment":[{"href":"https:\/\/sorcelaine.fr\/index.php\/wp-json\/wp\/v2\/media?parent=1688"}],"wp:term":[{"taxonomy":"product_brand","embeddable":true,"href":"https:\/\/sorcelaine.fr\/index.php\/wp-json\/wp\/v2\/product_brand?post=1688"},{"taxonomy":"product_cat","embeddable":true,"href":"https:\/\/sorcelaine.fr\/index.php\/wp-json\/wp\/v2\/product_cat?post=1688"},{"taxonomy":"product_tag","embeddable":true,"href":"https:\/\/sorcelaine.fr\/index.php\/wp-json\/wp\/v2\/product_tag?post=1688"}],"curies":[{"name":"wp","href":"https:\/\/api.w.org\/{rel}","templated":true}]}}