{"id":2386,"date":"2025-10-01T13:03:30","date_gmt":"2025-10-01T11:03:30","guid":{"rendered":"https:\/\/sorcelaine.fr\/?post_type=product&#038;p=2386"},"modified":"2025-12-07T15:42:19","modified_gmt":"2025-12-07T14:42:19","slug":"etoile-endormie-en-velours","status":"publish","type":"product","link":"https:\/\/sorcelaine.fr\/index.php\/product\/etoile-endormie-en-velours\/","title":{"rendered":"Etoile endormie douce"},"content":{"rendered":"<p>Peluche unique artisanale faite main avec amour en Alsace repr\u00e9sentant une \u00e9toile endormie.<\/p>\n<p>Ces photos repr\u00e9sentent un champi-mignon fait avec ce patron. Comme chaque peluche est unique, celle que vous allez recevoir peut pr\u00e9senter de petites diff\u00e9rences. N&rsquo;h\u00e9sitez pas \u00e0 me contacter si vous voulez des photos de l&rsquo;exemplaire que vous recevrez ou si vous voulez d&rsquo;autres coloris.<\/p>\n<p>Si vous voulez vous lancer, nous proposons <a href=\"https:\/\/sorcelaine.fr\/index.php\/product-category\/kits-pas-a-pas-lots\/kits\/\" target=\"_blank\" rel=\"noopener\">des kits pour r\u00e9aliser vos propres amigurumis<\/a>.<\/p>\n<hr \/>\n<h2>En d\u00e9tails :<\/h2>\n<p>Patron : BluePawprintCrochet<\/p>\n<p>R\u00e9alis\u00e9 en fil 100% polyester oeko-tex, effet velours, garni de rembourrage issu du recyclage des d\u00e9chets de l&rsquo;industrie de la mode.<\/p>\n<h2>Attention :<\/h2>\n<p>Attention cette peluche est purement d\u00e9corative. Elle n&rsquo;est ni destin\u00e9e \u00e0 un enfant, ni \u00e0 un animal. De petites pi\u00e8ces pourraient se d\u00e9tacher.<\/p>\n","protected":false},"excerpt":{"rendered":"<p>Peluche faite main au crochet par Sorcelaine, repr\u00e9sentant une \u00e9toile endormie.<\/p>\n","protected":false},"featured_media":2387,"comment_status":"open","ping_status":"closed","template":"","meta":{"site-container-style":"default","site-container-layout":"default","site-sidebar-layout":"default","disable-article-header":"default","disable-site-header":"default","disable-site-footer":"default","disable-content-area-spacing":"default"},"product_brand":[],"product_cat":[162,52,95],"product_tag":[],"class_list":{"0":"post-2386","1":"product","2":"type-product","3":"status-publish","4":"has-post-thumbnail","6":"product_cat-etoile","7":"product_cat-fantasy","8":"product_cat-peluches-douces","10":"first","11":"onbackorder","12":"featured","13":"taxable","14":"shipping-taxable","15":"purchasable","16":"product-type-simple"},"aioseo_notices":[],"jetpack_sharing_enabled":true,"_links":{"self":[{"href":"https:\/\/sorcelaine.fr\/index.php\/wp-json\/wp\/v2\/product\/2386","targetHints":{"allow":["GET"]}}],"collection":[{"href":"https:\/\/sorcelaine.fr\/index.php\/wp-json\/wp\/v2\/product"}],"about":[{"href":"https:\/\/sorcelaine.fr\/index.php\/wp-json\/wp\/v2\/types\/product"}],"replies":[{"embeddable":true,"href":"https:\/\/sorcelaine.fr\/index.php\/wp-json\/wp\/v2\/comments?post=2386"}],"wp:featuredmedia":[{"embeddable":true,"href":"https:\/\/sorcelaine.fr\/index.php\/wp-json\/wp\/v2\/media\/2387"}],"wp:attachment":[{"href":"https:\/\/sorcelaine.fr\/index.php\/wp-json\/wp\/v2\/media?parent=2386"}],"wp:term":[{"taxonomy":"product_brand","embeddable":true,"href":"https:\/\/sorcelaine.fr\/index.php\/wp-json\/wp\/v2\/product_brand?post=2386"},{"taxonomy":"product_cat","embeddable":true,"href":"https:\/\/sorcelaine.fr\/index.php\/wp-json\/wp\/v2\/product_cat?post=2386"},{"taxonomy":"product_tag","embeddable":true,"href":"https:\/\/sorcelaine.fr\/index.php\/wp-json\/wp\/v2\/product_tag?post=2386"}],"curies":[{"name":"wp","href":"https:\/\/api.w.org\/{rel}","templated":true}]}}