{"id":2388,"date":"2025-10-01T22:25:57","date_gmt":"2025-10-01T20:25:57","guid":{"rendered":"https:\/\/sorcelaine.fr\/?post_type=product&#038;p=2388"},"modified":"2025-10-02T08:03:36","modified_gmt":"2025-10-02T06:03:36","slug":"citrouille-douce-petite-2","status":"publish","type":"product","link":"https:\/\/sorcelaine.fr\/index.php\/product\/citrouille-douce-petite-2\/","title":{"rendered":"Chaudron doux"},"content":{"rendered":"<p>Peluche douce (effet velours), artisanale faite main avec amour en Alsace repr\u00e9sentant un chaudron. Il est possible d&rsquo;ajouter un fil suppl\u00e9mentaire pour effet mouchet\u00e9 en pastel, vif ou n\u00e9on.<\/p>\n<p>Ces photos repr\u00e9sentent des peluches faites avec ce patron. Comme chaque peluche est unique, celle que vous allez recevoir peut pr\u00e9senter de petites diff\u00e9rences. N&rsquo;h\u00e9sitez pas \u00e0 me contacter si vous voulez des photos de l&rsquo;exemplaire que vous recevrez. Vous pouvez \u00e9galement me contacter pour choisir votre ou vos coloris, la couleur des yeux et la bouche, ainsi que l&rsquo;expression faciale.<\/p>\n<p>Si vous voulez vous lancer, nous proposons <a href=\"https:\/\/sorcelaine.fr\/index.php\/product-category\/kits-pas-a-pas-lots\/kits\/\" target=\"_blank\" rel=\"noopener\">des kits pour r\u00e9aliser vos propres amigurumis<\/a>.<\/p>\n<hr>\n<h2>En d\u00e9tails :<\/h2>\n<p>Patron :<\/p>\n<p>R\u00e9alis\u00e9 en fil 100% polyester oeko-tex, garni de rembourrage issu du recyclage des d\u00e9chets de l&rsquo;industrie de la mode.<\/p>\n<h2>Attention :<\/h2>\n<p>Attention cette peluche est purement d\u00e9corative. Elle n&rsquo;est destin\u00e9e ni \u00e0 un enfant, ni \u00e0 un animal. De petites pi\u00e8ces pourraient se d\u00e9tacher.<\/p>\n","protected":false},"excerpt":{"rendered":"<p>Petite peluche douce repr\u00e9sentant un chaudron, faite artisanalement par Sorcelaine.<\/p>\n","protected":false},"featured_media":0,"comment_status":"open","ping_status":"closed","template":"","meta":{"site-container-style":"default","site-container-layout":"default","site-sidebar-layout":"default","disable-article-header":"default","disable-site-header":"default","disable-site-footer":"default","disable-content-area-spacing":"default"},"product_brand":[],"product_cat":[163,161,52,130,95],"product_tag":[],"class_list":{"0":"post-2388","1":"product","2":"type-product","3":"status-publish","5":"product_cat-chaudron","6":"product_cat-citrouille","7":"product_cat-fantasy","8":"product_cat-magique-sorciere","9":"product_cat-peluches-douces","11":"first","12":"onbackorder","13":"taxable","14":"shipping-taxable","15":"purchasable","16":"product-type-variable"},"aioseo_notices":[],"jetpack_sharing_enabled":true,"_links":{"self":[{"href":"https:\/\/sorcelaine.fr\/index.php\/wp-json\/wp\/v2\/product\/2388","targetHints":{"allow":["GET"]}}],"collection":[{"href":"https:\/\/sorcelaine.fr\/index.php\/wp-json\/wp\/v2\/product"}],"about":[{"href":"https:\/\/sorcelaine.fr\/index.php\/wp-json\/wp\/v2\/types\/product"}],"replies":[{"embeddable":true,"href":"https:\/\/sorcelaine.fr\/index.php\/wp-json\/wp\/v2\/comments?post=2388"}],"wp:attachment":[{"href":"https:\/\/sorcelaine.fr\/index.php\/wp-json\/wp\/v2\/media?parent=2388"}],"wp:term":[{"taxonomy":"product_brand","embeddable":true,"href":"https:\/\/sorcelaine.fr\/index.php\/wp-json\/wp\/v2\/product_brand?post=2388"},{"taxonomy":"product_cat","embeddable":true,"href":"https:\/\/sorcelaine.fr\/index.php\/wp-json\/wp\/v2\/product_cat?post=2388"},{"taxonomy":"product_tag","embeddable":true,"href":"https:\/\/sorcelaine.fr\/index.php\/wp-json\/wp\/v2\/product_tag?post=2388"}],"curies":[{"name":"wp","href":"https:\/\/api.w.org\/{rel}","templated":true}]}}