{"id":291,"date":"2023-08-21T12:42:44","date_gmt":"2023-08-21T10:42:44","guid":{"rendered":"https:\/\/sorcelaine.fr\/?post_type=product&#038;p=291"},"modified":"2025-11-08T18:43:35","modified_gmt":"2025-11-08T17:43:35","slug":"bubble-tea","status":"publish","type":"product","link":"https:\/\/sorcelaine.fr\/index.php\/product\/bubble-tea\/","title":{"rendered":"Bubble tea"},"content":{"rendered":"<p>Peluche d\u00e9corative artisanal fait main avec amour en Alsace repr\u00e9sentant un bubble tea.<\/p>\n<p>Ces photos repr\u00e9sentent des peluches fait avec ce patron. Comme chacune d&rsquo;elle est unique, celle que vous allez recevoir peut pr\u00e9senter de petites diff\u00e9rences. N&rsquo;h\u00e9sitez pas \u00e0 me contacter si vous voulez des photos de l&rsquo;exemplaire que vous recevrez. Tous les coloris ne sont pas repr\u00e9sent\u00e9s en peluche, mais une photo g\u00e9n\u00e9rale montre des \u00e9chantillons. D&rsquo;autres coloris sont disponibles \u00e0 la commande, si vous ne trouvez pas votre bonheur dans ce qui est propos\u00e9.<\/p>\n<p>Si vous voulez vous lancer, nous proposons <a href=\"https:\/\/sorcelaine.fr\/index.php\/product-category\/kits-pas-a-pas-lots\/kits\/\" target=\"_blank\" rel=\"noopener\">des kits pour r\u00e9aliser vos propres amigurumis<\/a>.<\/p>\n<hr \/>\n<h2>En d\u00e9tails :<\/h2>\n<p>Patron : Sorcelaine<\/p>\n<p>R\u00e9alis\u00e9 en fil 100% polyester oeko-tex, garni de rembourrage issu du recyclage des d\u00e9chets de l&rsquo;industrie de la mode.<\/p>\n<h2>Attention :<\/h2>\n<p>Attention cette peluche est purement d\u00e9corative. Elle n&rsquo;est ni destin\u00e9e \u00e0 un enfant, ni \u00e0 un animal. De petites pi\u00e8ces pourraient se d\u00e9tacher.<\/p>\n","protected":false},"excerpt":{"rendered":"<p>Peluche d\u00e9corative fait main au crochet par Sorcelaine, repr\u00e9sentant un bubble tea.<\/p>\n","protected":false},"featured_media":0,"comment_status":"open","ping_status":"closed","template":"","meta":{"site-container-style":"default","site-container-layout":"default","site-sidebar-layout":"default","disable-article-header":"default","disable-site-header":"default","disable-site-footer":"default","disable-content-area-spacing":"default"},"product_brand":[],"product_cat":[54,95],"product_tag":[],"class_list":{"0":"post-291","1":"product","2":"type-product","3":"status-publish","5":"product_cat-kawaii","6":"product_cat-peluches-douces","8":"first","9":"onbackorder","10":"taxable","11":"shipping-taxable","12":"purchasable","13":"product-type-variable"},"aioseo_notices":[],"jetpack_sharing_enabled":true,"_links":{"self":[{"href":"https:\/\/sorcelaine.fr\/index.php\/wp-json\/wp\/v2\/product\/291","targetHints":{"allow":["GET"]}}],"collection":[{"href":"https:\/\/sorcelaine.fr\/index.php\/wp-json\/wp\/v2\/product"}],"about":[{"href":"https:\/\/sorcelaine.fr\/index.php\/wp-json\/wp\/v2\/types\/product"}],"replies":[{"embeddable":true,"href":"https:\/\/sorcelaine.fr\/index.php\/wp-json\/wp\/v2\/comments?post=291"}],"wp:attachment":[{"href":"https:\/\/sorcelaine.fr\/index.php\/wp-json\/wp\/v2\/media?parent=291"}],"wp:term":[{"taxonomy":"product_brand","embeddable":true,"href":"https:\/\/sorcelaine.fr\/index.php\/wp-json\/wp\/v2\/product_brand?post=291"},{"taxonomy":"product_cat","embeddable":true,"href":"https:\/\/sorcelaine.fr\/index.php\/wp-json\/wp\/v2\/product_cat?post=291"},{"taxonomy":"product_tag","embeddable":true,"href":"https:\/\/sorcelaine.fr\/index.php\/wp-json\/wp\/v2\/product_tag?post=291"}],"curies":[{"name":"wp","href":"https:\/\/api.w.org\/{rel}","templated":true}]}}