{"id":30,"date":"2023-08-16T18:24:37","date_gmt":"2023-08-16T16:24:37","guid":{"rendered":"https:\/\/sorcelaine.fr\/?post_type=product&#038;p=30"},"modified":"2024-06-05T17:14:05","modified_gmt":"2024-06-05T15:14:05","slug":"kit-debutant-aqua-blob-ou-porte-cle-turquoise","status":"publish","type":"product","link":"https:\/\/sorcelaine.fr\/index.php\/product\/kit-debutant-aqua-blob-ou-porte-cle-turquoise\/","title":{"rendered":"Kit d\u00e9butant &#8211; Aqua blob ou porte-cl\u00e9 turquoise"},"content":{"rendered":"<p>Ce kit de crochet contient<strong> tout ce qu&rsquo;il vous faudra comme consommables<\/strong> pour cr\u00e9er votre propre aquablob, mini blob ou boule\/patate porte-cl\u00e9 turquoise, sauf une paire de ciseaux. <strong>Il ne manque qu&rsquo;un peu de patience, de temps et la magie op\u00e8rera !<\/strong><\/p>\n<p><strong>D\u00e9but facile ?<\/strong> Les deux premiers rangs du patron seront d\u00e9j\u00e0 fait pour vous faciliter l\u2019apprentissage. Ils constituent 60% de la difficult\u00e9 totale du kit et plus de 80% des raisons pour lesquelles les d\u00e9butants ne finissent pas leur premi\u00e8re cr\u00e9ations. C&rsquo;est optionnel et disponible sur commande (ce qui ne rallonge pas le d\u00e9lai d&rsquo;envoi).<\/p>\n<p>Il existe plusieurs d\u00e9clinaisons d\u00e9taill\u00e9es plus bas.<\/p>\n<hr \/>\n<h3>En r\u00e9sum\u00e9 :<\/h3>\n<p><em>Niveau :<\/em> D\u00e9butant, adapt\u00e9 pour un premier projet<\/p>\n<p><em>Amigurumis possibles :<\/em><\/p>\n<ul>\n<li style=\"list-style-type: none;\">\n<ul>\n<li style=\"list-style-type: none;\">\n<ul>\n<li>Aquablob, inspir\u00e9 de Genshin Impact<\/li>\n<li>Blob g\u00e9n\u00e9rique turquoise<\/li>\n<li>Boule turquoise<\/li>\n<li>Patate turquoise<\/li>\n<\/ul>\n<\/li>\n<\/ul>\n<\/li>\n<\/ul>\n<p>&nbsp;<\/p>\n<hr \/>\n<h2><strong>Versions<\/strong><\/h2>\n<p><strong>Complet :\u00a0<\/strong>Un crochet de qualit\u00e9, de taille adapt\u00e9 au fil fourni, aiguille pour l&rsquo;assemblage, suffisamment de marqueurs de mailles et si besoin quelques \u00e9pingles. Une ou plusieurs petites pelotes, rembourrage, petits accessoires. Le patron et les explications d\u00e9taill\u00e9es avec des photos en PDF \u00e0 t\u00e9l\u00e9charger.<\/p>\n<p><strong>Consommables, patron et explications : <\/strong>Une ou plusieurs petites pelotes, rembourrage, petits accessoires. Le patron et les explications d\u00e9taill\u00e9es avec des photos en PDF \u00e0 t\u00e9l\u00e9charger ;<\/p>\n<p><strong>Consommables : <\/strong>Une ou plusieurs petites pelotes, rembourrage, petits accessoires.<\/p>\n<p><strong>Explications : <\/strong>Ne contient que le patron et le pas \u00e0 pas d\u00e9taill\u00e9 ave<strong>c photos sous forme de PDF \u00e0 t\u00e9l\u00e9charger.<\/strong><\/p>\n<hr \/>\n<p>Vous pouvez compl\u00e9ter ce kit avec <a href=\"https:\/\/sorcelaine.fr\/wp-admin\/post.php?post=32\">des accessoires<\/a>. Il est \u00e9galement possible de commander le crochet, l&rsquo;aiguille et les marqueurs dans <a href=\"https:\/\/sorcelaine.fr\/index.php\/product\/crochet\/\">un kit s\u00e9par\u00e9<\/a>.<\/p>\n<p>Le patron pour blob est disponible <em>gratuitement<\/em> sur <a href=\"https:\/\/crochethea.com\/en\/mini-slimes-amigurumi\/\" target=\"_blank\" rel=\"noopener\">le site de la cr\u00e9atrice<\/a>, traduit par moi-m\u00eame. Le patron pour porte-cl\u00e9 en patate ou en boule est <a href=\"https:\/\/sorcelaine.fr\/index.php\/2023\/08\/16\/pap-kit-deb\/\">ici<\/a>.<\/p>\n<hr \/>\n<h3>Contenu :<\/h3>\n<p>Petite pelote d&rsquo;acrylique Knitty turquoise, mini pelote d&rsquo;acrylique Knitty blanche pour broder les yeux, rembourrage gris, une paire d&rsquo;yeux de s\u00e9curit\u00e9 noirs, une paire de tous petits aimants pour empiler les amigurumis ou les faire c\u00e2liner, une chaine de porte-cl\u00e9 et un peu de fil \u00e0 broder noir.<br \/>\nIl n&rsquo;est possible que de faire une seule peluche avec le contenu, m\u00eame s&rsquo;il permet de faire plusieurs variations. Les yeux et les aimants sont optionnels.<\/p>\n<hr \/>\n<h3>Attention :<\/h3>\n<p>Le cours de crochet n&rsquo;est pas inclus, mais vous pouvez vous inscrire \u00e0 la liste de diffusion o\u00f9 j&rsquo;indique les dates et lieux de mes cours en pr\u00e9sentiel. Je ne donne pas pour le moment de cours en ligne. Le pas \u00e0 pas avec photo peut suffire \u00e0 une personne d\u00e9butante. <em>Ce kit (et ses variantes de couleurs) sert de support \u00e0 mon cours d&rsquo;initiation aux amigurumis.<\/em><\/p>\n<p>Le kit contient des petites pi\u00e8ces susceptibles d&rsquo;\u00eatre aval\u00e9es, il ne doit pas \u00eatre utilis\u00e9 par des enfants sans surveillance d&rsquo;un adulte.<\/p>\n<p>La peluche finale est purement d\u00e9corative. Elle n&rsquo;est ni destin\u00e9e aux enfants ni aux animaux. A nouveau, de petites pi\u00e8ces pourraient se d\u00e9tacher et \u00eatre aval\u00e9es.<\/p>\n","protected":false},"excerpt":{"rendered":"<p>Ce kit de crochet contient tout pour cr\u00e9er votre propre mini blob ou boule\/patate porte-cl\u00e9 turquoise.<\/p>\n<p><em>Niveau :<\/em> D\u00e9butant<\/p>\n","protected":false},"featured_media":0,"comment_status":"open","ping_status":"closed","template":"","meta":{"site-container-style":"default","site-container-layout":"default","site-sidebar-layout":"default","disable-article-header":"default","disable-site-header":"default","disable-site-footer":"default","disable-content-area-spacing":"default"},"product_brand":[],"product_cat":[26,25,27],"product_tag":[],"class_list":{"0":"post-30","1":"product","2":"type-product","3":"status-publish","5":"product_cat-blobs","6":"product_cat-kits","7":"product_cat-pas-a-pas","9":"first","10":"onbackorder","11":"taxable","12":"shipping-taxable","13":"purchasable","14":"product-type-variable"},"aioseo_notices":[],"jetpack_sharing_enabled":true,"_links":{"self":[{"href":"https:\/\/sorcelaine.fr\/index.php\/wp-json\/wp\/v2\/product\/30","targetHints":{"allow":["GET"]}}],"collection":[{"href":"https:\/\/sorcelaine.fr\/index.php\/wp-json\/wp\/v2\/product"}],"about":[{"href":"https:\/\/sorcelaine.fr\/index.php\/wp-json\/wp\/v2\/types\/product"}],"replies":[{"embeddable":true,"href":"https:\/\/sorcelaine.fr\/index.php\/wp-json\/wp\/v2\/comments?post=30"}],"wp:attachment":[{"href":"https:\/\/sorcelaine.fr\/index.php\/wp-json\/wp\/v2\/media?parent=30"}],"wp:term":[{"taxonomy":"product_brand","embeddable":true,"href":"https:\/\/sorcelaine.fr\/index.php\/wp-json\/wp\/v2\/product_brand?post=30"},{"taxonomy":"product_cat","embeddable":true,"href":"https:\/\/sorcelaine.fr\/index.php\/wp-json\/wp\/v2\/product_cat?post=30"},{"taxonomy":"product_tag","embeddable":true,"href":"https:\/\/sorcelaine.fr\/index.php\/wp-json\/wp\/v2\/product_tag?post=30"}],"curies":[{"name":"wp","href":"https:\/\/api.w.org\/{rel}","templated":true}]}}