{"id":432,"date":"2023-08-22T13:12:36","date_gmt":"2023-08-22T11:12:36","guid":{"rendered":"https:\/\/sorcelaine.fr\/?post_type=product&#038;p=432"},"modified":"2026-02-08T13:10:11","modified_gmt":"2026-02-08T12:10:11","slug":"peluche-douce-monstre-felin-elementaire","status":"publish","type":"product","link":"https:\/\/sorcelaine.fr\/index.php\/product\/peluche-douce-monstre-felin-elementaire\/","title":{"rendered":"Peluche douce monstre f\u00e9lin \u00e9l\u00e9mentaire"},"content":{"rendered":"<p>Peluche douce (effet velours), artisanale faite main avec amour en Alsace repr\u00e9sentant un monstre f\u00e9lin \u00e9l\u00e9mentaire, inspir\u00e9 de Pokemon.<\/p>\n<p>Ces photos repr\u00e9sentent des peluches faites avec ce patron. Comme chaque peluche est unique, celle que vous allez recevoir peut pr\u00e9senter de petites diff\u00e9rences. N&rsquo;h\u00e9sitez pas \u00e0 me contacter si vous voulez des photos de l&rsquo;exemplaire que vous recevrez.<\/p>\n<p>Si vous voulez vous lancer, nous proposons <a href=\"https:\/\/sorcelaine.fr\/index.php\/product-category\/kits-pas-a-pas-lots\/kits\/\" target=\"_blank\" rel=\"noopener\">des kits pour r\u00e9aliser vos propres amigurumis<\/a>.<\/p>\n<hr \/>\n<h2>En d\u00e9tails :<\/h2>\n<p>Patron : Dipped in Ink Crochet<\/p>\n<p>R\u00e9alis\u00e9 en fil 100% polyester oeko-tex, garni de rembourrage issu du recyclage des d\u00e9chets de l&rsquo;industrie de la mode.<\/p>\n<h2>Attention :<\/h2>\n<p>Attention cette peluche est purement d\u00e9corative. Elle n&rsquo;est ni destin\u00e9e \u00e0 un enfant, ni \u00e0 un animal. De petites pi\u00e8ces pourraient se d\u00e9tacher.<\/p>\n<p>Ce n&rsquo;est pas une peluche officielle. Elle est r\u00e9alis\u00e9e par une fan pour les fans en s&rsquo;inspirant d&rsquo;un personnage que nous aimons.<\/p>\n","protected":false},"excerpt":{"rendered":"<p>Peluche artisanale faite main au crochet par Sorcelaine, repr\u00e9sentant un monstre f\u00e9lin \u00e9l\u00e9mentaire.<\/p>\n","protected":false},"featured_media":95,"comment_status":"open","ping_status":"closed","template":"","meta":{"site-container-style":"default","site-container-layout":"default","site-sidebar-layout":"default","disable-article-header":"default","disable-site-header":"default","disable-site-footer":"default","disable-content-area-spacing":"default"},"product_brand":[],"product_cat":[52,68,95],"product_tag":[],"class_list":{"0":"post-432","1":"product","2":"type-product","3":"status-publish","4":"has-post-thumbnail","6":"product_cat-fantasy","7":"product_cat-monstre-felin","8":"product_cat-peluches-douces","10":"first","11":"onbackorder","12":"taxable","13":"shipping-taxable","14":"purchasable","15":"product-type-variable"},"aioseo_notices":[],"jetpack_sharing_enabled":true,"_links":{"self":[{"href":"https:\/\/sorcelaine.fr\/index.php\/wp-json\/wp\/v2\/product\/432","targetHints":{"allow":["GET"]}}],"collection":[{"href":"https:\/\/sorcelaine.fr\/index.php\/wp-json\/wp\/v2\/product"}],"about":[{"href":"https:\/\/sorcelaine.fr\/index.php\/wp-json\/wp\/v2\/types\/product"}],"replies":[{"embeddable":true,"href":"https:\/\/sorcelaine.fr\/index.php\/wp-json\/wp\/v2\/comments?post=432"}],"wp:featuredmedia":[{"embeddable":true,"href":"https:\/\/sorcelaine.fr\/index.php\/wp-json\/wp\/v2\/media\/95"}],"wp:attachment":[{"href":"https:\/\/sorcelaine.fr\/index.php\/wp-json\/wp\/v2\/media?parent=432"}],"wp:term":[{"taxonomy":"product_brand","embeddable":true,"href":"https:\/\/sorcelaine.fr\/index.php\/wp-json\/wp\/v2\/product_brand?post=432"},{"taxonomy":"product_cat","embeddable":true,"href":"https:\/\/sorcelaine.fr\/index.php\/wp-json\/wp\/v2\/product_cat?post=432"},{"taxonomy":"product_tag","embeddable":true,"href":"https:\/\/sorcelaine.fr\/index.php\/wp-json\/wp\/v2\/product_tag?post=432"}],"curies":[{"name":"wp","href":"https:\/\/api.w.org\/{rel}","templated":true}]}}