{"id":608,"date":"2024-05-30T19:11:06","date_gmt":"2024-05-30T17:11:06","guid":{"rendered":"https:\/\/sorcelaine.fr\/?post_type=product&#038;p=608"},"modified":"2025-03-08T13:24:37","modified_gmt":"2025-03-08T12:24:37","slug":"sad-hamster","status":"publish","type":"product","link":"https:\/\/sorcelaine.fr\/index.php\/product\/sad-hamster\/","title":{"rendered":"Hamster Triste \/ Sad Hamster"},"content":{"rendered":"<p>Peluche douce (effet velours), artisanale faite main avec amour en Alsace repr\u00e9sentant un hamster aux grands yeux avec un noeud rose, inspir\u00e9 de Tiktok.<\/p>\n<p>Ces photos repr\u00e9sentent des peluches faites avec ce patron. Comme chaque peluche est unique, celle que vous allez recevoir peut pr\u00e9senter de petites diff\u00e9rences. N&rsquo;h\u00e9sitez pas \u00e0 me contacter si vous voulez des photos de l&rsquo;exemplaire que vous recevrez.<\/p>\n<p>Si vous voulez vous lancer, nous proposons <a href=\"https:\/\/sorcelaine.fr\/index.php\/product-category\/kits-pas-a-pas-lots\/kits\/\" target=\"_blank\" rel=\"noopener\">des kits pour r\u00e9aliser vos propres amigurumis<\/a>.<\/p>\n<hr \/>\n<h2>En d\u00e9tails :<\/h2>\n<p>Patron : <a title=\"Contact\" href=\"https:\/\/sorcelaine.fr\/index.php\/contact\/\" target=\"_blank\" rel=\"noopener\">Sorcelaine<\/a><\/p>\n<p>R\u00e9alis\u00e9 en fil 100% polyester oeko-tex, garni de rembourrage issu du recyclage des d\u00e9chets de l&rsquo;industrie de la mode.<\/p>\n<h2>Attention :<\/h2>\n<p>Attention cette peluche est purement d\u00e9corative. Elle n&rsquo;est ni destin\u00e9e \u00e0 un enfant, ni \u00e0 un animal. De petites pi\u00e8ces pourraient se d\u00e9tacher.<\/p>\n","protected":false},"excerpt":{"rendered":"<p>Peluche douce (effet velours), artisanale faite main avec amour en Alsace repr\u00e9sentant un hamster aux grands yeux avec un noeud rose, inspir\u00e9 de Tiktok. Ces photos repr\u00e9sentent des peluches faites avec ce patron. Comme chaque peluche est unique, celle que vous allez recevoir peut pr\u00e9senter de petites diff\u00e9rences. N&rsquo;h\u00e9sitez pas \u00e0 me contacter si vous [&hellip;]<\/p>\n","protected":false},"featured_media":764,"comment_status":"open","ping_status":"closed","template":"","meta":{"site-container-style":"default","site-container-layout":"default","site-sidebar-layout":"default","disable-article-header":"default","disable-site-header":"default","disable-site-footer":"default","disable-content-area-spacing":"default"},"product_brand":[],"product_cat":[42,54,95],"product_tag":[],"class_list":{"0":"post-608","1":"product","2":"type-product","3":"status-publish","4":"has-post-thumbnail","6":"product_cat-animaux-kawaii","7":"product_cat-kawaii","8":"product_cat-peluches-douces","10":"first","11":"onbackorder","12":"taxable","13":"shipping-taxable","14":"purchasable","15":"product-type-simple"},"aioseo_notices":[],"jetpack_sharing_enabled":true,"_links":{"self":[{"href":"https:\/\/sorcelaine.fr\/index.php\/wp-json\/wp\/v2\/product\/608","targetHints":{"allow":["GET"]}}],"collection":[{"href":"https:\/\/sorcelaine.fr\/index.php\/wp-json\/wp\/v2\/product"}],"about":[{"href":"https:\/\/sorcelaine.fr\/index.php\/wp-json\/wp\/v2\/types\/product"}],"replies":[{"embeddable":true,"href":"https:\/\/sorcelaine.fr\/index.php\/wp-json\/wp\/v2\/comments?post=608"}],"wp:featuredmedia":[{"embeddable":true,"href":"https:\/\/sorcelaine.fr\/index.php\/wp-json\/wp\/v2\/media\/764"}],"wp:attachment":[{"href":"https:\/\/sorcelaine.fr\/index.php\/wp-json\/wp\/v2\/media?parent=608"}],"wp:term":[{"taxonomy":"product_brand","embeddable":true,"href":"https:\/\/sorcelaine.fr\/index.php\/wp-json\/wp\/v2\/product_brand?post=608"},{"taxonomy":"product_cat","embeddable":true,"href":"https:\/\/sorcelaine.fr\/index.php\/wp-json\/wp\/v2\/product_cat?post=608"},{"taxonomy":"product_tag","embeddable":true,"href":"https:\/\/sorcelaine.fr\/index.php\/wp-json\/wp\/v2\/product_tag?post=608"}],"curies":[{"name":"wp","href":"https:\/\/api.w.org\/{rel}","templated":true}]}}